{"id":1897,"date":"2026-03-06T14:50:03","date_gmt":"2026-03-06T14:50:03","guid":{"rendered":"https:\/\/py-pet.com\/?post_type=product&#038;p=1897"},"modified":"2026-04-02T08:56:57","modified_gmt":"2026-04-02T08:56:57","slug":"lovesand-tofu-cat-litter","status":"publish","type":"product","link":"https:\/\/py-pet.com\/es\/producto\/lovesand-tofu-cat-litter\/","title":{"rendered":"Arena para gatos Lovesand Tofu"},"content":{"rendered":"<table border=\"1\" cellspacing=\"0\">\n<tbody>\n<tr>\n<td valign=\"top\">Lugar de origen:<\/td>\n<td valign=\"top\">Liaoning, China<\/td>\n<\/tr>\n<tr>\n<td valign=\"top\">Nombre de la marca:<\/td>\n<td valign=\"top\">Emilypets<\/td>\n<\/tr>\n<\/tbody>\n<\/table>\n<p><strong>Descripci\u00f3n:<\/strong><br \/>\nDescubra el m\u00e1ximo confort para su amigo felino y la mayor comodidad para usted con nuestra arena para gatos de tofu Premium. Elaborada a partir de residuos de soja 100 % naturales, esta arena es at\u00f3xica, libre de polvo y suave con las patas de su gato, lo que la hace ideal para gatitos, gatos mayores y aquellos con sistemas respiratorios sensibles. A diferencia de las arenas de arcilla tradicionales, que liberan part\u00edculas de polvo nocivas, nuestra arena de tofu garantiza un entorno de vida limpio y saludable, tanto para usted como para su querida mascota.<\/p>\n<p>Gracias a su excepcional capacidad de aglomeraci\u00f3n, nuestra arena de tofu para gatos forma grumos firmes y compactos a los pocos segundos de entrar en contacto con l\u00edquidos, lo que facilita enormemente la limpieza y minimiza el desperdicio. Esta potente capacidad aglomerante tambi\u00e9n evita que la orina se filtre hacia el fondo de la bandeja sanitaria, reduciendo eficazmente los olores desde su origen. D\u00edgale adi\u00f3s a los desagradables olores a amon\u00edaco: las propiedades de adsorci\u00f3n natural de nuestra arena atrapan los olores, manteniendo su hogar fresco y libre de malos olores durante todo el d\u00eda.<\/p>\n<p>Ecol\u00f3gica y f\u00e1cil de desechar, esta arena para gatos es totalmente biodegradable y apta para el inodoro. Simplemente recoja los grumos y desc\u00e1rguelos directamente por el inodoro (en peque\u00f1as cantidades y siguiendo las normativas locales de fontaner\u00eda), eliminando la molestia de cargar con pesadas bolsas de basura y reduciendo su huella de carbono. Es una elecci\u00f3n sostenible que cuida del planeta al tiempo que satisface las necesidades de su gato.<\/p>\n<p>Con un ligero y natural aroma a soja, nuestra arena de tofu resulta discreta y no irritar\u00e1 el sensible olfato de su gato. Genera un m\u00ednimo arrastre, lo que significa que su gato no esparcir\u00e1 part\u00edculas de arena por toda la casa, manteniendo sus suelos limpios y reduciendo las tareas de limpieza adicionales. Disponible en un pr\u00e1ctico envase resellable, se mantiene fresca y seca, garantizando una larga duraci\u00f3n.<\/p>\n<p>Elija nuestra arena para gatos de tofu Premium para una soluci\u00f3n segura, eficaz y respetuosa con el medio ambiente. Brinde a su gato la comodidad que se merece y disfrute de la tranquilidad que ofrece un hogar limpio, saludable y libre de olores. A su gato le encantar\u00e1 su suave textura, y a usted le fascinar\u00e1 su mantenimiento sin complicaciones: \u00a1una situaci\u00f3n ideal para cualquier familia con gatos!<\/p>\n<p><strong>Presupuesto:<br \/>\n<\/strong><\/p>\n<table border=\"1\" cellspacing=\"0\">\n<tbody>\n<tr>\n<td valign=\"top\">6L<\/td>\n<td valign=\"top\">8L<\/td>\n<\/tr>\n<\/tbody>\n<\/table>\n<p><strong>Ventaja competitiva<\/strong><br \/>\nNuestra arena para gatos de tofu destaca como una opci\u00f3n premium tanto para due\u00f1os de mascotas como para sus amigos felinos, combinando respeto por el medio ambiente con un rendimiento excepcional. Elaborada con residuos naturales de soja, es 100% biodegradable, compostable y desechable por el inodoro, reduciendo el impacto ambiental y eliminando la molestia de desechar los residuos. Su f\u00f3rmula de polvo ultrabaja protege la salud respiratoria de los gatos y la calidad del aire de su hogar, manteniendo limpios los pisos y los muebles. Gracias a su gran capacidad de aglomeraci\u00f3n, retiene la humedad y los olores al instante, dejando la caja de arena fresca y sin olores por m\u00e1s tiempo. Suave con las patas, es adecuada para gatitos, gatos mayores y mascotas con piel sensible. Ligera y f\u00e1cil de usar, simplifica el mantenimiento diario: sin esfuerzo ni limpieza tediosa. Elija nuestra arena para gatos de tofu para una soluci\u00f3n segura, pr\u00e1ctica y sostenible que cuida de su gato, su hogar y el planeta.<\/p>\n<table border=\"1\" cellspacing=\"0\">\n<tbody>\n<tr>\n<td valign=\"top\">Cantidad m\u00ednima de pedido:<\/td>\n<td valign=\"top\">1 contenedor de 20 pies = 18 toneladas<\/td>\n<\/tr>\n<tr>\n<td valign=\"top\">Detalles del embalaje:<\/td>\n<td valign=\"top\">Bolsa de PP, Big bag, Caja de cart\u00f3n, Bolsa de papel<\/td>\n<\/tr>\n<tr>\n<td valign=\"top\">Delivery Time:<\/td>\n<td valign=\"top\">Dentro de los 20 d\u00edas posteriores al pago<\/td>\n<\/tr>\n<tr>\n<td valign=\"top\">Payment Terms:<\/td>\n<td valign=\"top\">Pago por transferencia telegr\u00e1fica (T\/T)<\/td>\n<\/tr>\n<tr>\n<td valign=\"top\">Supply Ability:<\/td>\n<td valign=\"top\">6.000 toneladas al mes<\/td>\n<\/tr>\n<\/tbody>\n<\/table>\n<p><img fetchpriority=\"high\" decoding=\"async\" class=\"alignnone wp-image-2367 size-full\" src=\"https:\/\/py-pet.com\/wp-content\/uploads\/2026\/03\/lovesand-Tofu-Cat-Litter20260309061.jpg\" alt=\"lovesand Tofu Cat Litter\" width=\"750\" height=\"1319\" srcset=\"https:\/\/py-pet.com\/wp-content\/uploads\/2026\/03\/lovesand-Tofu-Cat-Litter20260309061.jpg 750w, https:\/\/py-pet.com\/wp-content\/uploads\/2026\/03\/lovesand-Tofu-Cat-Litter20260309061-171x300.jpg 171w, https:\/\/py-pet.com\/wp-content\/uploads\/2026\/03\/lovesand-Tofu-Cat-Litter20260309061-582x1024.jpg 582w, https:\/\/py-pet.com\/wp-content\/uploads\/2026\/03\/lovesand-Tofu-Cat-Litter20260309061-7x12.jpg 7w, https:\/\/py-pet.com\/wp-content\/uploads\/2026\/03\/lovesand-Tofu-Cat-Litter20260309061-600x1055.jpg 600w\" sizes=\"(max-width: 750px) 100vw, 750px\" \/> <img decoding=\"async\" class=\"alignnone wp-image-2368 size-full\" src=\"https:\/\/py-pet.com\/wp-content\/uploads\/2026\/03\/lovesand-Tofu-Cat-Litter20260309062.jpg\" alt=\"lovesand Tofu Cat Litter\" width=\"750\" height=\"1016\" srcset=\"https:\/\/py-pet.com\/wp-content\/uploads\/2026\/03\/lovesand-Tofu-Cat-Litter20260309062.jpg 750w, https:\/\/py-pet.com\/wp-content\/uploads\/2026\/03\/lovesand-Tofu-Cat-Litter20260309062-221x300.jpg 221w, https:\/\/py-pet.com\/wp-content\/uploads\/2026\/03\/lovesand-Tofu-Cat-Litter20260309062-9x12.jpg 9w, https:\/\/py-pet.com\/wp-content\/uploads\/2026\/03\/lovesand-Tofu-Cat-Litter20260309062-600x813.jpg 600w\" sizes=\"(max-width: 750px) 100vw, 750px\" \/> <img decoding=\"async\" class=\"alignnone wp-image-2369 size-full\" src=\"https:\/\/py-pet.com\/wp-content\/uploads\/2026\/03\/lovesand-Tofu-Cat-Litter20260309063.jpg\" alt=\"lovesand Tofu Cat Litter\" width=\"750\" height=\"1276\" srcset=\"https:\/\/py-pet.com\/wp-content\/uploads\/2026\/03\/lovesand-Tofu-Cat-Litter20260309063.jpg 750w, https:\/\/py-pet.com\/wp-content\/uploads\/2026\/03\/lovesand-Tofu-Cat-Litter20260309063-176x300.jpg 176w, https:\/\/py-pet.com\/wp-content\/uploads\/2026\/03\/lovesand-Tofu-Cat-Litter20260309063-602x1024.jpg 602w, https:\/\/py-pet.com\/wp-content\/uploads\/2026\/03\/lovesand-Tofu-Cat-Litter20260309063-7x12.jpg 7w, https:\/\/py-pet.com\/wp-content\/uploads\/2026\/03\/lovesand-Tofu-Cat-Litter20260309063-600x1021.jpg 600w\" sizes=\"(max-width: 750px) 100vw, 750px\" \/> <img loading=\"lazy\" decoding=\"async\" class=\"alignnone wp-image-2370 size-full\" src=\"https:\/\/py-pet.com\/wp-content\/uploads\/2026\/03\/lovesand-Tofu-Cat-Litter20260309064.jpg\" alt=\"lovesand Tofu Cat Litter\" width=\"750\" height=\"1068\" srcset=\"https:\/\/py-pet.com\/wp-content\/uploads\/2026\/03\/lovesand-Tofu-Cat-Litter20260309064.jpg 750w, https:\/\/py-pet.com\/wp-content\/uploads\/2026\/03\/lovesand-Tofu-Cat-Litter20260309064-211x300.jpg 211w, https:\/\/py-pet.com\/wp-content\/uploads\/2026\/03\/lovesand-Tofu-Cat-Litter20260309064-719x1024.jpg 719w, https:\/\/py-pet.com\/wp-content\/uploads\/2026\/03\/lovesand-Tofu-Cat-Litter20260309064-8x12.jpg 8w, https:\/\/py-pet.com\/wp-content\/uploads\/2026\/03\/lovesand-Tofu-Cat-Litter20260309064-600x854.jpg 600w\" sizes=\"(max-width: 750px) 100vw, 750px\" \/> <img loading=\"lazy\" decoding=\"async\" class=\"alignnone wp-image-2371 size-full\" src=\"https:\/\/py-pet.com\/wp-content\/uploads\/2026\/03\/lovesand-Tofu-Cat-Litter20260309065.jpg\" alt=\"lovesand Tofu Cat Litter\" width=\"750\" height=\"1002\" srcset=\"https:\/\/py-pet.com\/wp-content\/uploads\/2026\/03\/lovesand-Tofu-Cat-Litter20260309065.jpg 750w, https:\/\/py-pet.com\/wp-content\/uploads\/2026\/03\/lovesand-Tofu-Cat-Litter20260309065-225x300.jpg 225w, https:\/\/py-pet.com\/wp-content\/uploads\/2026\/03\/lovesand-Tofu-Cat-Litter20260309065-9x12.jpg 9w, https:\/\/py-pet.com\/wp-content\/uploads\/2026\/03\/lovesand-Tofu-Cat-Litter20260309065-600x802.jpg 600w\" sizes=\"(max-width: 750px) 100vw, 750px\" \/> <img loading=\"lazy\" decoding=\"async\" class=\"alignnone wp-image-2372 size-full\" src=\"https:\/\/py-pet.com\/wp-content\/uploads\/2026\/03\/lovesand-Tofu-Cat-Litter20260309066.jpg\" alt=\"lovesand Tofu Cat Litter\" width=\"750\" height=\"1056\" srcset=\"https:\/\/py-pet.com\/wp-content\/uploads\/2026\/03\/lovesand-Tofu-Cat-Litter20260309066.jpg 750w, https:\/\/py-pet.com\/wp-content\/uploads\/2026\/03\/lovesand-Tofu-Cat-Litter20260309066-213x300.jpg 213w, https:\/\/py-pet.com\/wp-content\/uploads\/2026\/03\/lovesand-Tofu-Cat-Litter20260309066-727x1024.jpg 727w, https:\/\/py-pet.com\/wp-content\/uploads\/2026\/03\/lovesand-Tofu-Cat-Litter20260309066-9x12.jpg 9w, https:\/\/py-pet.com\/wp-content\/uploads\/2026\/03\/lovesand-Tofu-Cat-Litter20260309066-600x845.jpg 600w\" sizes=\"(max-width: 750px) 100vw, 750px\" \/> <img loading=\"lazy\" decoding=\"async\" class=\"alignnone wp-image-2373 size-full\" src=\"https:\/\/py-pet.com\/wp-content\/uploads\/2026\/03\/lovesand-Tofu-Cat-Litter20260309067.jpg\" alt=\"lovesand Tofu Cat Litter\" width=\"750\" height=\"1246\" srcset=\"https:\/\/py-pet.com\/wp-content\/uploads\/2026\/03\/lovesand-Tofu-Cat-Litter20260309067.jpg 750w, https:\/\/py-pet.com\/wp-content\/uploads\/2026\/03\/lovesand-Tofu-Cat-Litter20260309067-181x300.jpg 181w, https:\/\/py-pet.com\/wp-content\/uploads\/2026\/03\/lovesand-Tofu-Cat-Litter20260309067-616x1024.jpg 616w, https:\/\/py-pet.com\/wp-content\/uploads\/2026\/03\/lovesand-Tofu-Cat-Litter20260309067-7x12.jpg 7w, https:\/\/py-pet.com\/wp-content\/uploads\/2026\/03\/lovesand-Tofu-Cat-Litter20260309067-600x997.jpg 600w\" sizes=\"(max-width: 750px) 100vw, 750px\" \/><\/p>","protected":false},"excerpt":{"rendered":"<p>\u2013Tama\u00f1o Longitud: 10-30 mm Di\u00e1metro: 1,5 mm<br \/>\n\u2013 Aplicaci\u00f3n: Gatos<br \/>\n\u2013 Tasa de polvo: &lt;3%<br \/>\n\u2013 Material principal: Fibra de soja<br \/>\n- Color: Blanco<br \/>\n\u2013 Tasa de desodorizaci\u00f3n: 90%<br \/>\n\u2013 Absorci\u00f3n de agua: &gt;600 %<br \/>\n\u2013 OEM\/ODM: Compatible<br \/>\n\u2013 \u0423\u043f\u0430\u043a\u043e\u0432\u043a\u0430: \u0418\u043d\u0434\u0438\u0432\u0438\u0434\u0443\u0430\u043b\u044c\u043d\u044b\u0439 \u043e\u0431\u044a\u0435\u043c<br \/>\n\u2013 Fragancia: Original, Melocot\u00f3n, T\u00e9 verde, Lavanda, Carb\u00f3n activado, Ma\u00edz<\/p>","protected":false},"featured_media":1899,"template":"","meta":[],"product_brand":[],"product_cat":[75],"product_tag":[],"class_list":{"0":"post-1897","1":"product","2":"type-product","3":"status-publish","4":"has-post-thumbnail","6":"product_cat-tofu-cat-litter","8":"first","9":"instock","10":"shipping-taxable","11":"product-type-simple"},"_links":{"self":[{"href":"https:\/\/py-pet.com\/es\/wp-json\/wp\/v2\/product\/1897","targetHints":{"allow":["GET"]}}],"collection":[{"href":"https:\/\/py-pet.com\/es\/wp-json\/wp\/v2\/product"}],"about":[{"href":"https:\/\/py-pet.com\/es\/wp-json\/wp\/v2\/types\/product"}],"version-history":[{"count":4,"href":"https:\/\/py-pet.com\/es\/wp-json\/wp\/v2\/product\/1897\/revisions"}],"predecessor-version":[{"id":2711,"href":"https:\/\/py-pet.com\/es\/wp-json\/wp\/v2\/product\/1897\/revisions\/2711"}],"wp:featuredmedia":[{"embeddable":true,"href":"https:\/\/py-pet.com\/es\/wp-json\/wp\/v2\/media\/1899"}],"wp:attachment":[{"href":"https:\/\/py-pet.com\/es\/wp-json\/wp\/v2\/media?parent=1897"}],"wp:term":[{"taxonomy":"product_brand","embeddable":true,"href":"https:\/\/py-pet.com\/es\/wp-json\/wp\/v2\/product_brand?post=1897"},{"taxonomy":"product_cat","embeddable":true,"href":"https:\/\/py-pet.com\/es\/wp-json\/wp\/v2\/product_cat?post=1897"},{"taxonomy":"product_tag","embeddable":true,"href":"https:\/\/py-pet.com\/es\/wp-json\/wp\/v2\/product_tag?post=1897"}],"curies":[{"name":"wp","href":"https:\/\/api.w.org\/{rel}","templated":true}]}}