{"id":1932,"date":"2026-03-06T08:43:20","date_gmt":"2026-03-06T08:43:20","guid":{"rendered":"https:\/\/py-pet.com\/?post_type=product&#038;p=1932"},"modified":"2026-03-26T02:00:53","modified_gmt":"2026-03-26T02:00:53","slug":"paper-cat-litter","status":"publish","type":"product","link":"https:\/\/py-pet.com\/es\/producto\/paper-cat-litter\/","title":{"rendered":"Paper cat litter"},"content":{"rendered":"<table>\n<tbody>\n<tr>\n<td width=\"198\">Lugar de origen:<\/td>\n<td width=\"324\">Liaoning, China<\/td>\n<\/tr>\n<tr>\n<td width=\"198\">Nombre de la marca:<\/td>\n<td width=\"324\">Emilypets<\/td>\n<\/tr>\n<tr>\n<td width=\"198\">Model Number:<\/td>\n<td width=\"324\"><\/td>\n<\/tr>\n<tr>\n<td width=\"198\">Certification:<\/td>\n<td width=\"324\"><\/td>\n<\/tr>\n<\/tbody>\n<\/table>\n<p>&nbsp;<\/p>\n<table>\n<tbody>\n<tr>\n<td width=\"198\">Cantidad m\u00ednima de pedido:<\/td>\n<td width=\"324\">1*20GP(10 TONS)<\/td>\n<\/tr>\n<tr>\n<td width=\"198\">Price:<\/td>\n<td width=\"324\"><\/td>\n<\/tr>\n<tr>\n<td width=\"198\">Detalles del embalaje:<\/td>\n<td width=\"324\">Bolsa de PP, Big bag, Caja de cart\u00f3n, Bolsa de papel<\/td>\n<\/tr>\n<tr>\n<td width=\"198\">Delivery Time:<\/td>\n<td width=\"324\">Within\u00a020 days after payment<\/td>\n<\/tr>\n<tr>\n<td width=\"198\">Payment Terms:<\/td>\n<td width=\"324\">Pago por transferencia telegr\u00e1fica (T\/T)<\/td>\n<\/tr>\n<tr>\n<td width=\"198\">Supply Ability:<\/td>\n<td width=\"324\">6.000 toneladas al mes<\/td>\n<\/tr>\n<tr>\n<td width=\"198\"><\/td>\n<td width=\"324\"><\/td>\n<\/tr>\n<\/tbody>\n<\/table>\n<p>&nbsp;<\/p>\n<p><span style=\"color: #ff6600;\"><strong>Descripci\u00f3n:<\/strong><\/span><\/p>\n<p>Our Premium Paper Cat Litter is a revolutionary choice for conscientious cat owners, blending eco-friendliness with exceptional performance to elevate your feline care experience. Crafted exclusively from 100% post-consumer recycled paper, this litter embodies sustainability\u2014each use reduces paper waste while eliminating the need for mined materials like clay, making it a biodegradable solution that gently returns to the earth without harming the environment . Designed with both cats and their humans in mind, it addresses the most common pain points of traditional litters, delivering a cleaner, healthier, and more convenient alternative. Boasting 3 times the moisture absorption of conventional clay litters, the compressed paper pellets lock in liquid rapidly and form firm clumps that are easy to scoop, minimizing odor buildup effectively . Infused with natural carbon from recycled paper and enhanced with baking soda, it neutralizes ammonia odors naturally, keeping your home fresh without harsh chemicals or artificial fragrances . The 99.9% dust-free formula is a game-changer for respiratory health, protecting both sensitive cats (including kittens and senior felines) and family members from irritating dust particles . Its larger, lightweight pellets resist tracking and won\u2019t stick to your cat\u2019s paws or fur, reducing mess around the litter box and saving you endless cleaning time . Safe and non-toxic, this litter contains no inks, dyes, or crystalline silica\u2014eliminating risks of gastrointestinal blockages if ingested and skin irritation . For added convenience, small amounts of soiled litter can be safely flushed down the toilet, simplifying waste disposal . Whether you have a single cat or a multi-cat household, our Paper Cat Litter offers long-lasting performance, lightweight portability, and peace of mind, proving that caring for your cat and the planet can go hand in hand.<\/p>\n<p>&nbsp;<\/p>\n<p><span style=\"color: #ff6600;\"><strong>Applications:<\/strong><\/span><\/p>\n<p>Cats<\/p>\n<p><span style=\"color: #ff6600;\">Presupuesto:<\/span><\/p>\n<table>\n<tbody>\n<tr>\n<td width=\"81\">10L<\/td>\n<\/tr>\n<\/tbody>\n<\/table>\n<p><span style=\"color: #ff6600;\">Ventaja competitiva<\/span><\/p>\n<p>Nuestra arena para gatos de papel de primera calidad ofrece un rendimiento inigualable para el cuidado felino y una limpieza sin complicaciones. Gracias a su absorci\u00f3n superior, retiene la humedad al instante para evitar fugas y se aglomera firmemente para facilitar la recogida. Su f\u00f3rmula desodorizante avanzada neutraliza los olores persistentes, manteniendo tu hogar fresco todo el d\u00eda.<\/p>\n<p>Completamente libre de polvo, protege la salud respiratoria de tu gato y evita residuos molestos. Fabricada con papel reciclado, es totalmente biodegradable y desechable por el inodoro: ecol\u00f3gica y f\u00e1cil de desechar. Ligera pero resistente, ofrece una larga vida \u00fatil, convirti\u00e9ndola en una opci\u00f3n econ\u00f3mica y segura para cualquier due\u00f1o de gato.<\/p>\n<p>&nbsp;<\/p>\n<p>&nbsp;<\/p>","protected":false},"excerpt":{"rendered":"<p>&#8211; Description: Flushable &amp; Clumping Paper Cat Litter, Light Granules<\/p>\n<p>&#8211; Clumping Resistance(g): &gt;350g<\/p>\n<p>&#8211; PH: 7.0-8.0<\/p>\n<p>&#8211; Raw Material: 100% Recycled Paper Fiber, Eco-Friendly<\/p>\n<p>&#8211; Bulk Density(g\/ml): About 0.45-0.55g\/ml<\/p>\n<p>&#8211; Size: 2-4MM<\/p>\n<p>&#8211; Moisture: &lt;6%<\/p>\n<p>&#8211; Dust: 0<\/p>\n<p>&#8211; Fragrance: Unscented, Apple, Lemon, Lavender, Rose, Greentea, Jasmine, Coffee<\/p>\n<p>&#8211; Absorbent: About 280%-320%<\/p>\n<p>&#8211; Flushable: Septic-Safe, Easy Disposal<\/p>\n<p>&#8211; Odor Control: Strong Odor Locking<\/p>","protected":false},"featured_media":1937,"template":"","meta":[],"product_brand":[],"product_cat":[69],"product_tag":[],"class_list":{"0":"post-1932","1":"product","2":"type-product","3":"status-publish","4":"has-post-thumbnail","6":"product_cat-cat-litter","8":"first","9":"outofstock","10":"shipping-taxable","11":"purchasable","12":"product-type-variable"},"_links":{"self":[{"href":"https:\/\/py-pet.com\/es\/wp-json\/wp\/v2\/product\/1932","targetHints":{"allow":["GET"]}}],"collection":[{"href":"https:\/\/py-pet.com\/es\/wp-json\/wp\/v2\/product"}],"about":[{"href":"https:\/\/py-pet.com\/es\/wp-json\/wp\/v2\/types\/product"}],"version-history":[{"count":3,"href":"https:\/\/py-pet.com\/es\/wp-json\/wp\/v2\/product\/1932\/revisions"}],"predecessor-version":[{"id":2655,"href":"https:\/\/py-pet.com\/es\/wp-json\/wp\/v2\/product\/1932\/revisions\/2655"}],"wp:featuredmedia":[{"embeddable":true,"href":"https:\/\/py-pet.com\/es\/wp-json\/wp\/v2\/media\/1937"}],"wp:attachment":[{"href":"https:\/\/py-pet.com\/es\/wp-json\/wp\/v2\/media?parent=1932"}],"wp:term":[{"taxonomy":"product_brand","embeddable":true,"href":"https:\/\/py-pet.com\/es\/wp-json\/wp\/v2\/product_brand?post=1932"},{"taxonomy":"product_cat","embeddable":true,"href":"https:\/\/py-pet.com\/es\/wp-json\/wp\/v2\/product_cat?post=1932"},{"taxonomy":"product_tag","embeddable":true,"href":"https:\/\/py-pet.com\/es\/wp-json\/wp\/v2\/product_tag?post=1932"}],"curies":[{"name":"wp","href":"https:\/\/api.w.org\/{rel}","templated":true}]}}