{"id":2726,"date":"2026-04-02T09:24:34","date_gmt":"2026-04-02T09:24:34","guid":{"rendered":"https:\/\/py-pet.com\/?post_type=product&#038;p=2726"},"modified":"2026-04-02T09:24:52","modified_gmt":"2026-04-02T09:24:52","slug":"soy-cat-litter","status":"publish","type":"product","link":"https:\/\/py-pet.com\/es\/producto\/soy-cat-litter\/","title":{"rendered":"Arena de tofu para gatos"},"content":{"rendered":"<p><em><span style=\"color: #ebebeb;\">Keyword: soy cat litter<\/span><\/em><\/p>\n<p><span style=\"color: #ff6600;\"><strong>Descripci\u00f3n:<\/strong><\/span><\/p>\n<p>Discover the ultimate comfort for your feline friend and convenience for you with our Premium Tofu Cat Litter. Crafted from 100% natural soybean residue, this cat litter is non-toxic, dust-free, and gentle on your cat\u2019s paws, making it ideal for kittens, senior cats, and those with sensitive respiratory systems. Unlike traditional clay litters that release harmful dust particles, our tofu litter ensures a clean, healthy living environment for both you and your beloved pet.<\/p>\n<p>Gracias a su excepcional capacidad de aglomeraci\u00f3n, nuestra arena de tofu para gatos forma grumos firmes y compactos a los pocos segundos de entrar en contacto con l\u00edquidos, lo que facilita enormemente la limpieza y minimiza el desperdicio. Esta potente capacidad aglomerante tambi\u00e9n evita que la orina se filtre hacia el fondo de la bandeja sanitaria, reduciendo eficazmente los olores desde su origen. D\u00edgale adi\u00f3s a los desagradables olores a amon\u00edaco: las propiedades de adsorci\u00f3n natural de nuestra arena atrapan los olores, manteniendo su hogar fresco y libre de malos olores durante todo el d\u00eda.<\/p>\n<p>Ecol\u00f3gica y f\u00e1cil de desechar, esta arena para gatos es totalmente biodegradable y apta para el inodoro. Simplemente recoja los grumos y desc\u00e1rguelos directamente por el inodoro (en peque\u00f1as cantidades y siguiendo las normativas locales de fontaner\u00eda), eliminando la molestia de cargar con pesadas bolsas de basura y reduciendo su huella de carbono. Es una elecci\u00f3n sostenible que cuida del planeta al tiempo que satisface las necesidades de su gato.<\/p>\n<p>Con un ligero y natural aroma a soja, nuestra arena de tofu resulta discreta y no irritar\u00e1 el sensible olfato de su gato. Genera un m\u00ednimo arrastre, lo que significa que su gato no esparcir\u00e1 part\u00edculas de arena por toda la casa, manteniendo sus suelos limpios y reduciendo las tareas de limpieza adicionales. Disponible en un pr\u00e1ctico envase resellable, se mantiene fresca y seca, garantizando una larga duraci\u00f3n.<\/p>\n<p>Choose our Premium Tofu Cat Litter for a safe, effective, and eco-conscious litter solution. Give your cat the comfort they deserve and enjoy the peace of mind that comes with a clean, healthy, and odor-free home. Your cat will love the soft texture, and you\u2019ll love the hassle-free maintenance\u2014it&#8217;s a win-win for every cat family<\/p>\n<p><span style=\"color: #ff6600;\"><strong>Presupuesto:<\/strong><\/span><\/p>\n<table>\n<tbody>\n<tr>\n<td width=\"81\">6L<\/td>\n<td width=\"81\">8L<\/td>\n<\/tr>\n<\/tbody>\n<\/table>\n<p><span style=\"color: #ff6600;\"><strong>Ventaja competitiva<\/strong><\/span><\/p>\n<p>Nuestra arena para gatos de tofu destaca como una opci\u00f3n premium tanto para due\u00f1os de mascotas como para sus amigos felinos, combinando respeto por el medio ambiente con un rendimiento excepcional. Elaborada con residuos naturales de soja, es 100% biodegradable, compostable y desechable por el inodoro, reduciendo el impacto ambiental y eliminando la molestia de desechar los residuos. Su f\u00f3rmula de polvo ultrabaja protege la salud respiratoria de los gatos y la calidad del aire de su hogar, manteniendo limpios los pisos y los muebles. Gracias a su gran capacidad de aglomeraci\u00f3n, retiene la humedad y los olores al instante, dejando la caja de arena fresca y sin olores por m\u00e1s tiempo. Suave con las patas, es adecuada para gatitos, gatos mayores y mascotas con piel sensible. Ligera y f\u00e1cil de usar, simplifica el mantenimiento diario: sin esfuerzo ni limpieza tediosa. Elija nuestra arena para gatos de tofu para una soluci\u00f3n segura, pr\u00e1ctica y sostenible que cuida de su gato, su hogar y el planeta.<\/p>","protected":false},"excerpt":{"rendered":"<p>&#8211; Size Length:10-30mm diameter:1.5mm<br \/>\n&#8211; Application: Cats<br \/>\n&#8211; Dust rate: &lt;3%<br \/>\n&#8211; Main Material: Soy fiber<br \/>\n&#8211; Color: White<br \/>\n&#8211; Deodorization rate: 90%<br \/>\n&#8211; Water Absorption: &gt;600%<br \/>\n&#8211; OEM\/ODM: support<br \/>\n&#8211; Packing: Customized capacity<br \/>\n&#8211; Fragrance: Original, Peach, Green Tea, Lavender, activated charcoal, corn<\/p>","protected":false},"featured_media":1180,"template":"","meta":[],"product_brand":[],"product_cat":[15],"product_tag":[],"class_list":{"0":"post-2726","1":"product","2":"type-product","3":"status-publish","4":"has-post-thumbnail","6":"product_cat-uncategorized","8":"first","9":"instock","10":"shipping-taxable","11":"product-type-simple"},"_links":{"self":[{"href":"https:\/\/py-pet.com\/es\/wp-json\/wp\/v2\/product\/2726","targetHints":{"allow":["GET"]}}],"collection":[{"href":"https:\/\/py-pet.com\/es\/wp-json\/wp\/v2\/product"}],"about":[{"href":"https:\/\/py-pet.com\/es\/wp-json\/wp\/v2\/types\/product"}],"version-history":[{"count":1,"href":"https:\/\/py-pet.com\/es\/wp-json\/wp\/v2\/product\/2726\/revisions"}],"predecessor-version":[{"id":2727,"href":"https:\/\/py-pet.com\/es\/wp-json\/wp\/v2\/product\/2726\/revisions\/2727"}],"wp:featuredmedia":[{"embeddable":true,"href":"https:\/\/py-pet.com\/es\/wp-json\/wp\/v2\/media\/1180"}],"wp:attachment":[{"href":"https:\/\/py-pet.com\/es\/wp-json\/wp\/v2\/media?parent=2726"}],"wp:term":[{"taxonomy":"product_brand","embeddable":true,"href":"https:\/\/py-pet.com\/es\/wp-json\/wp\/v2\/product_brand?post=2726"},{"taxonomy":"product_cat","embeddable":true,"href":"https:\/\/py-pet.com\/es\/wp-json\/wp\/v2\/product_cat?post=2726"},{"taxonomy":"product_tag","embeddable":true,"href":"https:\/\/py-pet.com\/es\/wp-json\/wp\/v2\/product_tag?post=2726"}],"curies":[{"name":"wp","href":"https:\/\/api.w.org\/{rel}","templated":true}]}}