{"id":763,"date":"2026-03-04T08:29:24","date_gmt":"2026-03-04T08:29:24","guid":{"rendered":"https:\/\/py-pet.com\/?post_type=product&#038;p=763"},"modified":"2026-03-09T08:58:26","modified_gmt":"2026-03-09T08:58:26","slug":"bathing-sand","status":"publish","type":"product","link":"https:\/\/py-pet.com\/es\/producto\/bathing-sand\/","title":{"rendered":"Bathing Sand"},"content":{"rendered":"<table>\n<tbody>\n<tr>\n<td width=\"198\">Cantidad m\u00ednima de pedido:<\/td>\n<td width=\"324\">1*20GP(24 TONS)<\/td>\n<\/tr>\n<tr>\n<td width=\"198\">Price:<\/td>\n<td width=\"324\"><\/td>\n<\/tr>\n<tr>\n<td width=\"198\">Detalles del embalaje:<\/td>\n<td width=\"324\">Bolsa de PP, Big bag, Caja de cart\u00f3n, Bolsa de papel<\/td>\n<\/tr>\n<tr>\n<td width=\"198\">Delivery Time:<\/td>\n<td width=\"324\">Within\u00a020 days after payment<\/td>\n<\/tr>\n<tr>\n<td width=\"198\">Payment Terms:<\/td>\n<td width=\"324\">Pago por transferencia telegr\u00e1fica (T\/T)<\/td>\n<\/tr>\n<tr>\n<td width=\"198\">Supply Ability:<\/td>\n<td width=\"324\">6.000 toneladas al mes<\/td>\n<\/tr>\n<\/tbody>\n<\/table>\n<p><span style=\"color: #ff6600;\"><strong>Descripci\u00f3n:<\/strong><\/span><\/p>\n<p>Our Bathing Sand is a premium grooming essential specially formulated for small pets like hamsters, gerbils, and mice, designed to meet their natural instinct of sand bathing while maintaining their coat health and living environment freshness.<\/p>\n<p><strong>High-purity natural silica sand:<\/strong> Unlike ordinary bath products, our bath sand is made of high-purity natural silica sand, psassed rigorous screening and processing to ensure uniform particle size, which is gentle on your pet&#8217;s delicate skin and fur without causing irritation or injury.<br \/>\nKey features include exceptional cleaning power: the fine and porous sand particles can effectively absorb excess oil, dirt, and moisture from your pet&#8217;s fur, leaving the coat soft, fluffy, and shiny.<\/p>\n<p><strong>Boasts strong deodorizing :<\/strong> It also boasts strong deodorizing performance, neutralizing unpleasant odors such as urine and body odor instead of just masking them, keeping the pet cage fresh and odor-free for a long time.<\/p>\n<p><strong>Safety is our top priority<\/strong>\u2014this bath sand is free of harmful chemicals, fragrances, dyes, and additives, making it 100% safe for pets to roll and groom in, even for young or sensitive hamsters.<\/p>\n<p><strong>Good fluidity and does not clump easily:<\/strong> Additionally, the sand has good fluidity and does not clump easily, allowing pets to enjoy the natural sand-bathing experience comfortably. It is easy to use: simply pour an appropriate amount into a bath sand container, place it in the cage, and your pet will take the initiative to bathe in it. After use, the sand can be easily cleaned and replaced, reducing the trouble of daily maintenance.<\/p>\n<p>Our Hamster Bath Sand is not only a grooming product but also a way to enrich your pet&#8217;s daily life, satisfying their natural behaviors and promoting their physical and mental well-being.<\/p>\n<p><span style=\"color: #ff6600;\">Ventaja competitiva<\/span><\/p>\n<p>Nuestra arena premium para el ba\u00f1o de h\u00e1msteres est\u00e1 elaborada con arena de cuarzo 100% natural y libre de polvo, suave para las patitas y el sistema respiratorio de tu h\u00e1mster. Absorbe f\u00e1cilmente el exceso de grasa y suciedad del pelaje, neutralizando los olores al instante para mantener la jaula fresca por m\u00e1s tiempo. Su textura fina y no abrasiva no irrita la piel sensible, promoviendo un pelaje sano y brillante. F\u00e1cil de usar y limpiar, es el producto esencial para el cuidado de tu h\u00e1mster, \u00a1ideal para mantenerlo feliz e higi\u00e9nico!<\/p>\n<p><img fetchpriority=\"high\" decoding=\"async\" class=\"alignnone wp-image-2140 size-full\" src=\"https:\/\/py-pet.com\/wp-content\/uploads\/2026\/02\/1-2.jpg\" alt=\"Bathing Sand\" width=\"790\" height=\"1437\" srcset=\"https:\/\/py-pet.com\/wp-content\/uploads\/2026\/02\/1-2.jpg 790w, https:\/\/py-pet.com\/wp-content\/uploads\/2026\/02\/1-2-165x300.jpg 165w, https:\/\/py-pet.com\/wp-content\/uploads\/2026\/02\/1-2-563x1024.jpg 563w, https:\/\/py-pet.com\/wp-content\/uploads\/2026\/02\/1-2-768x1397.jpg 768w, https:\/\/py-pet.com\/wp-content\/uploads\/2026\/02\/1-2-7x12.jpg 7w, https:\/\/py-pet.com\/wp-content\/uploads\/2026\/02\/1-2-600x1091.jpg 600w\" sizes=\"(max-width: 790px) 100vw, 790px\" \/> <img decoding=\"async\" class=\"alignnone wp-image-2141 size-full\" src=\"https:\/\/py-pet.com\/wp-content\/uploads\/2026\/02\/2-2.jpg\" alt=\"Bathing Sand\" width=\"790\" height=\"1001\" srcset=\"https:\/\/py-pet.com\/wp-content\/uploads\/2026\/02\/2-2.jpg 790w, https:\/\/py-pet.com\/wp-content\/uploads\/2026\/02\/2-2-237x300.jpg 237w, https:\/\/py-pet.com\/wp-content\/uploads\/2026\/02\/2-2-768x973.jpg 768w, https:\/\/py-pet.com\/wp-content\/uploads\/2026\/02\/2-2-9x12.jpg 9w, https:\/\/py-pet.com\/wp-content\/uploads\/2026\/02\/2-2-600x760.jpg 600w\" sizes=\"(max-width: 790px) 100vw, 790px\" \/> <img decoding=\"async\" class=\"alignnone wp-image-2142 size-full\" src=\"https:\/\/py-pet.com\/wp-content\/uploads\/2026\/02\/3-2.jpg\" alt=\"Bathing Sand\" width=\"790\" height=\"1194\" srcset=\"https:\/\/py-pet.com\/wp-content\/uploads\/2026\/02\/3-2.jpg 790w, https:\/\/py-pet.com\/wp-content\/uploads\/2026\/02\/3-2-198x300.jpg 198w, https:\/\/py-pet.com\/wp-content\/uploads\/2026\/02\/3-2-678x1024.jpg 678w, https:\/\/py-pet.com\/wp-content\/uploads\/2026\/02\/3-2-768x1161.jpg 768w, https:\/\/py-pet.com\/wp-content\/uploads\/2026\/02\/3-2-8x12.jpg 8w, https:\/\/py-pet.com\/wp-content\/uploads\/2026\/02\/3-2-600x907.jpg 600w\" sizes=\"(max-width: 790px) 100vw, 790px\" \/> <img loading=\"lazy\" decoding=\"async\" class=\"alignnone wp-image-2143 size-full\" src=\"https:\/\/py-pet.com\/wp-content\/uploads\/2026\/02\/4-3.jpg\" alt=\"Bathing Sand\" width=\"790\" height=\"1368\" srcset=\"https:\/\/py-pet.com\/wp-content\/uploads\/2026\/02\/4-3.jpg 790w, https:\/\/py-pet.com\/wp-content\/uploads\/2026\/02\/4-3-173x300.jpg 173w, https:\/\/py-pet.com\/wp-content\/uploads\/2026\/02\/4-3-591x1024.jpg 591w, https:\/\/py-pet.com\/wp-content\/uploads\/2026\/02\/4-3-768x1330.jpg 768w, https:\/\/py-pet.com\/wp-content\/uploads\/2026\/02\/4-3-7x12.jpg 7w, https:\/\/py-pet.com\/wp-content\/uploads\/2026\/02\/4-3-600x1039.jpg 600w\" sizes=\"(max-width: 790px) 100vw, 790px\" \/> <img loading=\"lazy\" decoding=\"async\" class=\"alignnone wp-image-2144 size-full\" src=\"https:\/\/py-pet.com\/wp-content\/uploads\/2026\/02\/5-2.jpg\" alt=\"Bathing Sand\" width=\"790\" height=\"1656\" srcset=\"https:\/\/py-pet.com\/wp-content\/uploads\/2026\/02\/5-2.jpg 790w, https:\/\/py-pet.com\/wp-content\/uploads\/2026\/02\/5-2-143x300.jpg 143w, https:\/\/py-pet.com\/wp-content\/uploads\/2026\/02\/5-2-489x1024.jpg 489w, https:\/\/py-pet.com\/wp-content\/uploads\/2026\/02\/5-2-768x1610.jpg 768w, https:\/\/py-pet.com\/wp-content\/uploads\/2026\/02\/5-2-733x1536.jpg 733w, https:\/\/py-pet.com\/wp-content\/uploads\/2026\/02\/5-2-6x12.jpg 6w, https:\/\/py-pet.com\/wp-content\/uploads\/2026\/02\/5-2-600x1258.jpg 600w\" sizes=\"(max-width: 790px) 100vw, 790px\" \/> <img loading=\"lazy\" decoding=\"async\" class=\"alignnone wp-image-2145 size-full\" src=\"https:\/\/py-pet.com\/wp-content\/uploads\/2026\/02\/6-2.jpg\" alt=\"Bathing Sand\" width=\"790\" height=\"1661\" srcset=\"https:\/\/py-pet.com\/wp-content\/uploads\/2026\/02\/6-2.jpg 790w, https:\/\/py-pet.com\/wp-content\/uploads\/2026\/02\/6-2-143x300.jpg 143w, https:\/\/py-pet.com\/wp-content\/uploads\/2026\/02\/6-2-487x1024.jpg 487w, https:\/\/py-pet.com\/wp-content\/uploads\/2026\/02\/6-2-768x1615.jpg 768w, https:\/\/py-pet.com\/wp-content\/uploads\/2026\/02\/6-2-731x1536.jpg 731w, https:\/\/py-pet.com\/wp-content\/uploads\/2026\/02\/6-2-6x12.jpg 6w, https:\/\/py-pet.com\/wp-content\/uploads\/2026\/02\/6-2-600x1262.jpg 600w\" sizes=\"(max-width: 790px) 100vw, 790px\" \/> <img loading=\"lazy\" decoding=\"async\" class=\"alignnone wp-image-2146 size-full\" src=\"https:\/\/py-pet.com\/wp-content\/uploads\/2026\/02\/7-3.jpg\" alt=\"Bathing Sand\" width=\"790\" height=\"1197\" srcset=\"https:\/\/py-pet.com\/wp-content\/uploads\/2026\/02\/7-3.jpg 790w, https:\/\/py-pet.com\/wp-content\/uploads\/2026\/02\/7-3-198x300.jpg 198w, https:\/\/py-pet.com\/wp-content\/uploads\/2026\/02\/7-3-676x1024.jpg 676w, https:\/\/py-pet.com\/wp-content\/uploads\/2026\/02\/7-3-768x1164.jpg 768w, https:\/\/py-pet.com\/wp-content\/uploads\/2026\/02\/7-3-8x12.jpg 8w, https:\/\/py-pet.com\/wp-content\/uploads\/2026\/02\/7-3-600x909.jpg 600w\" sizes=\"(max-width: 790px) 100vw, 790px\" \/><\/p>","protected":false},"excerpt":{"rendered":"<p>Raw material: Silver Birch\/Russia&#8217;s natural mongolica<br \/>\nMoisture: Less than 10%<br \/>\nAppearance: white\/faint yellow chip shaving<br \/>\nFlavor: apple,lemon,lavender(Special fragrance can also be provided)<br \/>\nSize(mm): 0.5-1.5,0.5-2.5,1-3.5mm,1-4mm,1-5mm<br \/>\nDust: Free<br \/>\nPacking Specification:<br \/>\n500g&#8212;-36bags\/pp bag<br \/>\n1kg&#8212;-24bags\/pp bag<br \/>\n4kg&#8212;-6bags\/pp bag<\/p>","protected":false},"featured_media":1955,"template":"","meta":[],"product_brand":[],"product_cat":[82],"product_tag":[],"class_list":{"0":"post-763","1":"product","2":"type-product","3":"status-publish","4":"has-post-thumbnail","6":"product_cat-small-pet-products","8":"first","9":"instock","10":"sale","11":"shipping-taxable","12":"purchasable","13":"product-type-variable"},"_links":{"self":[{"href":"https:\/\/py-pet.com\/es\/wp-json\/wp\/v2\/product\/763","targetHints":{"allow":["GET"]}}],"collection":[{"href":"https:\/\/py-pet.com\/es\/wp-json\/wp\/v2\/product"}],"about":[{"href":"https:\/\/py-pet.com\/es\/wp-json\/wp\/v2\/types\/product"}],"version-history":[{"count":6,"href":"https:\/\/py-pet.com\/es\/wp-json\/wp\/v2\/product\/763\/revisions"}],"predecessor-version":[{"id":2147,"href":"https:\/\/py-pet.com\/es\/wp-json\/wp\/v2\/product\/763\/revisions\/2147"}],"wp:featuredmedia":[{"embeddable":true,"href":"https:\/\/py-pet.com\/es\/wp-json\/wp\/v2\/media\/1955"}],"wp:attachment":[{"href":"https:\/\/py-pet.com\/es\/wp-json\/wp\/v2\/media?parent=763"}],"wp:term":[{"taxonomy":"product_brand","embeddable":true,"href":"https:\/\/py-pet.com\/es\/wp-json\/wp\/v2\/product_brand?post=763"},{"taxonomy":"product_cat","embeddable":true,"href":"https:\/\/py-pet.com\/es\/wp-json\/wp\/v2\/product_cat?post=763"},{"taxonomy":"product_tag","embeddable":true,"href":"https:\/\/py-pet.com\/es\/wp-json\/wp\/v2\/product_tag?post=763"}],"curies":[{"name":"wp","href":"https:\/\/api.w.org\/{rel}","templated":true}]}}